{"id":320,"date":"2019-04-10T08:12:30","date_gmt":"2019-04-10T11:12:30","guid":{"rendered":"https:\/\/victorthemes.com\/themes\/segovia\/?page_id=320"},"modified":"2022-08-12T19:56:03","modified_gmt":"2022-08-12T22:56:03","slug":"tutoriais","status":"publish","type":"page","link":"https:\/\/blog.plagium.com\/en\/tutoriais\/","title":{"rendered":"Tutorials"},"content":{"rendered":"<div data-elementor-type=\"wp-post\" data-elementor-id=\"320\" class=\"elementor elementor-320\">\n\t\t\t\t\t\t\t\t\t<section class=\"elementor-section elementor-top-section elementor-element elementor-element-8e190cf elementor-section-stretched elementor-section-boxed elementor-section-height-default elementor-section-height-default\" data-id=\"8e190cf\" data-element_type=\"section\" data-settings=\"{&quot;stretch_section&quot;:&quot;section-stretched&quot;}\">\n\t\t\t\t\t\t<div class=\"elementor-container elementor-column-gap-default\">\n\t\t\t\t\t<div class=\"elementor-column elementor-col-50 elementor-top-column elementor-element elementor-element-b77e1b8\" data-id=\"b77e1b8\" data-element_type=\"column\">\n\t\t\t<div class=\"elementor-widget-wrap elementor-element-populated\">\n\t\t\t\t\t\t\t\t<div class=\"elementor-element elementor-element-2c35b82 elementor-widget elementor-widget-vt-segovia_section_title\" data-id=\"2c35b82\" data-element_type=\"widget\" data-widget_type=\"vt-segovia_section_title.default\">\n\t\t\t\t<div class=\"elementor-widget-container\">\n\t\t\t<div class=\"section-title-wrap hav-sep hav-icon hav-animation\">\n        <div class=\"sec-title\"><h2 class=\"section-title\">Tuto<\/h2><h2 class=\"section-title section-title-two\">Rials<\/h2><\/div>\n      <\/div>\t\t<\/div>\n\t\t\t\t<\/div>\n\t\t\t\t\t<\/div>\n\t\t<\/div>\n\t\t\t\t<div class=\"elementor-column elementor-col-50 elementor-top-column elementor-element elementor-element-dedf288\" data-id=\"dedf288\" data-element_type=\"column\">\n\t\t\t<div class=\"elementor-widget-wrap elementor-element-populated\">\n\t\t\t\t\t\t\t\t<div class=\"elementor-element elementor-element-41e4816 elementor-widget elementor-widget-vt-segovia_services\" data-id=\"41e4816\" data-element_type=\"widget\" data-settings=\"{&quot;service_image&quot;:{&quot;url&quot;:&quot;&quot;,&quot;id&quot;:&quot;&quot;,&quot;size&quot;:&quot;&quot;},&quot;read_icon&quot;:{&quot;url&quot;:&quot;https:\\\/\\\/blog.plagium.com\\\/wp-content\\\/plugins\\\/elementor\\\/assets\\\/images\\\/placeholder.png&quot;,&quot;id&quot;:&quot;&quot;,&quot;size&quot;:&quot;&quot;}}\" data-widget_type=\"vt-segovia_services.default\">\n\t\t\t\t<div class=\"elementor-widget-container\">\n\t\t\t<div class=\"segva-services-wrap\"> \r\n\t\t\t\t\t\t\t    <div class=\"service-item\">\r\n\t\t\t\t\t\t\t      <h3 class=\"service-title\">How to do a free Plagium search?<\/h3><span class=\"segva-separator\"><\/span><p>Aprenda como voc\u00ea deve fazer para fazer uma busca gratuita utilizando nossa plataforma, s\u00e3o 3 passos simples e r\u00e1pidos que v\u00e3o te ajudar na busca por similaridade ou busca por <a href=\"https:\/\/blog.plagium.com\/en\/2023\/04\/24\/a-importancia-da-originalidade-em-textos-e-trabalhos-academicos\/\">pl\u00e1gio<\/a> para ter um trabalho mais aut\u00eantico.<\/p>\r\n\t\t\t\t\t\t\t    <\/div>\r\n\t\t\t\t\t\t\t<\/div>\t\t<\/div>\n\t\t\t\t<\/div>\n\t\t\t\t<div class=\"elementor-element elementor-element-00341e0 elementor-widget elementor-widget-video\" data-id=\"00341e0\" data-element_type=\"widget\" data-settings=\"{&quot;youtube_url&quot;:&quot;https:\\\/\\\/youtu.be\\\/Lcvtqdhmiw4&quot;,&quot;video_type&quot;:&quot;youtube&quot;,&quot;controls&quot;:&quot;yes&quot;}\" data-widget_type=\"video.default\">\n\t\t\t\t<div class=\"elementor-widget-container\">\n\t\t\t<style>\/*! elementor - v3.15.0 - 02-08-2023 *\/\n.elementor-widget-video .elementor-widget-container{overflow:hidden;transform:translateZ(0)}.elementor-widget-video .elementor-wrapper{aspect-ratio:var(--video-aspect-ratio)}.elementor-widget-video .elementor-wrapper iframe,.elementor-widget-video .elementor-wrapper video{height:100%;width:100%;display:flex;border:none;background-color:#000}@supports not (aspect-ratio:1\/1){.elementor-widget-video .elementor-wrapper{position:relative;overflow:hidden;height:0;padding-bottom:calc(100% \/ var(--video-aspect-ratio))}.elementor-widget-video .elementor-wrapper iframe,.elementor-widget-video .elementor-wrapper video{position:absolute;top:0;right:0;bottom:0;left:0}}.elementor-widget-video .elementor-open-inline .elementor-custom-embed-image-overlay{position:absolute;top:0;right:0;bottom:0;left:0;background-size:cover;background-position:50%}.elementor-widget-video .elementor-custom-embed-image-overlay{cursor:pointer;text-align:center}.elementor-widget-video .elementor-custom-embed-image-overlay:hover .elementor-custom-embed-play i{opacity:1}.elementor-widget-video .elementor-custom-embed-image-overlay img{display:block;width:100%;aspect-ratio:var(--video-aspect-ratio);-o-object-fit:cover;object-fit:cover;-o-object-position:center center;object-position:center center}@supports not (aspect-ratio:1\/1){.elementor-widget-video .elementor-custom-embed-image-overlay{position:relative;overflow:hidden;height:0;padding-bottom:calc(100% \/ var(--video-aspect-ratio))}.elementor-widget-video .elementor-custom-embed-image-overlay img{position:absolute;top:0;right:0;bottom:0;left:0}}.elementor-widget-video .e-hosted-video .elementor-video{-o-object-fit:cover;object-fit:cover}.e-con-inner>.elementor-widget-video,.e-con>.elementor-widget-video{width:var(--container-widget-width);--flex-grow:var(--container-widget-flex-grow)}<\/style>\t\t<div class=\"elementor-wrapper elementor-open-inline\">\n\t\t\t<div class=\"elementor-video\"><\/div>\t\t<\/div>\n\t\t\t\t<\/div>\n\t\t\t\t<\/div>\n\t\t\t\t<div class=\"elementor-element elementor-element-911fa46 elementor-widget elementor-widget-vt-segovia_services\" data-id=\"911fa46\" data-element_type=\"widget\" data-settings=\"{&quot;service_image&quot;:{&quot;url&quot;:&quot;&quot;,&quot;id&quot;:&quot;&quot;,&quot;size&quot;:&quot;&quot;},&quot;read_icon&quot;:{&quot;url&quot;:&quot;https:\\\/\\\/blog.plagium.com\\\/wp-content\\\/plugins\\\/elementor\\\/assets\\\/images\\\/placeholder.png&quot;,&quot;id&quot;:&quot;&quot;,&quot;size&quot;:&quot;&quot;}}\" data-widget_type=\"vt-segovia_services.default\">\n\t\t\t\t<div class=\"elementor-widget-container\">\n\t\t\t<div class=\"segva-services-wrap\"> \r\n\t\t\t\t\t\t\t    <div class=\"service-item\">\r\n\t\t\t\t\t\t\t      <h3 class=\"service-title\">How to use the Plagium add-on for Google Docs?<\/h3><span class=\"segva-separator\"><\/span><p>Learn today how to install the Plagium add-on in your Google Docs! Search directly for your texts in the drive.<\/p>\r\n\t\t\t\t\t\t\t    <\/div>\r\n\t\t\t\t\t\t\t<\/div>\t\t<\/div>\n\t\t\t\t<\/div>\n\t\t\t\t<div class=\"elementor-element elementor-element-adf3085 elementor-widget elementor-widget-video\" data-id=\"adf3085\" data-element_type=\"widget\" data-settings=\"{&quot;youtube_url&quot;:&quot;https:\\\/\\\/youtu.be\\\/hTIoY6YXZOE&quot;,&quot;video_type&quot;:&quot;youtube&quot;,&quot;controls&quot;:&quot;yes&quot;}\" data-widget_type=\"video.default\">\n\t\t\t\t<div class=\"elementor-widget-container\">\n\t\t\t\t\t<div class=\"elementor-wrapper elementor-open-inline\">\n\t\t\t<div class=\"elementor-video\"><\/div>\t\t<\/div>\n\t\t\t\t<\/div>\n\t\t\t\t<\/div>\n\t\t\t\t<div class=\"elementor-element elementor-element-cc63006 elementor-widget elementor-widget-vt-segovia_services\" data-id=\"cc63006\" data-element_type=\"widget\" data-settings=\"{&quot;service_image&quot;:{&quot;url&quot;:&quot;&quot;,&quot;id&quot;:&quot;&quot;,&quot;size&quot;:&quot;&quot;},&quot;read_icon&quot;:{&quot;url&quot;:&quot;https:\\\/\\\/blog.plagium.com\\\/wp-content\\\/plugins\\\/elementor\\\/assets\\\/images\\\/placeholder.png&quot;,&quot;id&quot;:&quot;&quot;,&quot;size&quot;:&quot;&quot;}}\" data-widget_type=\"vt-segovia_services.default\">\n\t\t\t\t<div class=\"elementor-widget-container\">\n\t\t\t<div class=\"segva-services-wrap\"> \r\n\t\t\t\t\t\t\t    <div class=\"service-item\">\r\n\t\t\t\t\t\t\t      <h3 class=\"service-title\">How to register on the Plagium platform?<\/h3><span class=\"segva-separator\"><\/span><p>Learn today how to register on our platform.<\/p>\r\n\t\t\t\t\t\t\t    <\/div>\r\n\t\t\t\t\t\t\t<\/div>\t\t<\/div>\n\t\t\t\t<\/div>\n\t\t\t\t<div class=\"elementor-element elementor-element-9fb1f62 elementor-widget elementor-widget-video\" data-id=\"9fb1f62\" data-element_type=\"widget\" data-settings=\"{&quot;youtube_url&quot;:&quot;https:\\\/\\\/youtu.be\\\/QUn02Oq9Zr0&quot;,&quot;video_type&quot;:&quot;youtube&quot;,&quot;controls&quot;:&quot;yes&quot;}\" data-widget_type=\"video.default\">\n\t\t\t\t<div class=\"elementor-widget-container\">\n\t\t\t\t\t<div class=\"elementor-wrapper elementor-open-inline\">\n\t\t\t<div class=\"elementor-video\"><\/div>\t\t<\/div>\n\t\t\t\t<\/div>\n\t\t\t\t<\/div>\n\t\t\t\t<div class=\"elementor-element elementor-element-1c2559a elementor-widget elementor-widget-vt-segovia_services\" data-id=\"1c2559a\" data-element_type=\"widget\" data-settings=\"{&quot;service_image&quot;:{&quot;url&quot;:&quot;&quot;,&quot;id&quot;:&quot;&quot;,&quot;size&quot;:&quot;&quot;},&quot;read_icon&quot;:{&quot;url&quot;:&quot;https:\\\/\\\/blog.plagium.com\\\/wp-content\\\/plugins\\\/elementor\\\/assets\\\/images\\\/placeholder.png&quot;,&quot;id&quot;:&quot;&quot;,&quot;size&quot;:&quot;&quot;}}\" data-widget_type=\"vt-segovia_services.default\">\n\t\t\t\t<div class=\"elementor-widget-container\">\n\t\t\t<div class=\"segva-services-wrap\"> \r\n\t\t\t\t\t\t\t    <div class=\"service-item\">\r\n\t\t\t\t\t\t\t      <h3 class=\"service-title\">Learn how to do an advanced search on the Plagium platform.<\/h3><span class=\"segva-separator\"><\/span><p>Learn how to do an advanced search on the Plagium platform.<\/p>\r\n\t\t\t\t\t\t\t    <\/div>\r\n\t\t\t\t\t\t\t<\/div>\t\t<\/div>\n\t\t\t\t<\/div>\n\t\t\t\t<div class=\"elementor-element elementor-element-e9fefda elementor-widget elementor-widget-video\" data-id=\"e9fefda\" data-element_type=\"widget\" data-settings=\"{&quot;youtube_url&quot;:&quot;https:\\\/\\\/youtu.be\\\/rTON4MxXy6g&quot;,&quot;video_type&quot;:&quot;youtube&quot;,&quot;controls&quot;:&quot;yes&quot;}\" data-widget_type=\"video.default\">\n\t\t\t\t<div class=\"elementor-widget-container\">\n\t\t\t\t\t<div class=\"elementor-wrapper elementor-open-inline\">\n\t\t\t<div class=\"elementor-video\"><\/div>\t\t<\/div>\n\t\t\t\t<\/div>\n\t\t\t\t<\/div>\n\t\t\t\t<div class=\"elementor-element elementor-element-2c0186d elementor-widget elementor-widget-vt-segovia_services\" data-id=\"2c0186d\" data-element_type=\"widget\" data-settings=\"{&quot;service_image&quot;:{&quot;url&quot;:&quot;&quot;,&quot;id&quot;:&quot;&quot;,&quot;size&quot;:&quot;&quot;},&quot;read_icon&quot;:{&quot;url&quot;:&quot;https:\\\/\\\/blog.plagium.com\\\/wp-content\\\/plugins\\\/elementor\\\/assets\\\/images\\\/placeholder.png&quot;,&quot;id&quot;:&quot;&quot;,&quot;size&quot;:&quot;&quot;}}\" data-widget_type=\"vt-segovia_services.default\">\n\t\t\t\t<div class=\"elementor-widget-container\">\n\t\t\t<div class=\"segva-services-wrap\"> \r\n\t\t\t\t\t\t\t    <div class=\"service-item\">\r\n\t\t\t\t\t\t\t      <h3 class=\"service-title\">How to search through a file in Plagium?<\/h3><span class=\"segva-separator\"><\/span><p>Learn today how to search through a file in Plagium.<\/p>\r\n\t\t\t\t\t\t\t    <\/div>\r\n\t\t\t\t\t\t\t<\/div>\t\t<\/div>\n\t\t\t\t<\/div>\n\t\t\t\t<div class=\"elementor-element elementor-element-a3e6a65 elementor-widget elementor-widget-video\" data-id=\"a3e6a65\" data-element_type=\"widget\" data-settings=\"{&quot;youtube_url&quot;:&quot;https:\\\/\\\/youtu.be\\\/FjkHCBdtFsc&quot;,&quot;video_type&quot;:&quot;youtube&quot;,&quot;controls&quot;:&quot;yes&quot;}\" data-widget_type=\"video.default\">\n\t\t\t\t<div class=\"elementor-widget-container\">\n\t\t\t\t\t<div class=\"elementor-wrapper elementor-open-inline\">\n\t\t\t<div class=\"elementor-video\"><\/div>\t\t<\/div>\n\t\t\t\t<\/div>\n\t\t\t\t<\/div>\n\t\t\t\t<div class=\"elementor-element elementor-element-1710ae7 elementor-widget elementor-widget-vt-segovia_services\" data-id=\"1710ae7\" data-element_type=\"widget\" data-settings=\"{&quot;service_image&quot;:{&quot;url&quot;:&quot;&quot;,&quot;id&quot;:&quot;&quot;,&quot;size&quot;:&quot;&quot;},&quot;read_icon&quot;:{&quot;url&quot;:&quot;https:\\\/\\\/blog.plagium.com\\\/wp-content\\\/plugins\\\/elementor\\\/assets\\\/images\\\/placeholder.png&quot;,&quot;id&quot;:&quot;&quot;,&quot;size&quot;:&quot;&quot;}}\" data-widget_type=\"vt-segovia_services.default\">\n\t\t\t\t<div class=\"elementor-widget-container\">\n\t\t\t<div class=\"segva-services-wrap\"> \r\n\t\t\t\t\t\t\t    <div class=\"service-item\">\r\n\t\t\t\t\t\t\t      <h3 class=\"service-title\">How to compare your documents in Plagium?<\/h3><span class=\"segva-separator\"><\/span><p>Learn today how to compare your documents in Plagium.<\/p>\r\n\t\t\t\t\t\t\t    <\/div>\r\n\t\t\t\t\t\t\t<\/div>\t\t<\/div>\n\t\t\t\t<\/div>\n\t\t\t\t<div class=\"elementor-element elementor-element-275dde6 elementor-widget elementor-widget-video\" data-id=\"275dde6\" data-element_type=\"widget\" data-settings=\"{&quot;youtube_url&quot;:&quot;https:\\\/\\\/youtu.be\\\/1v78BAOIO1Q&quot;,&quot;video_type&quot;:&quot;youtube&quot;,&quot;controls&quot;:&quot;yes&quot;}\" data-widget_type=\"video.default\">\n\t\t\t\t<div class=\"elementor-widget-container\">\n\t\t\t\t\t<div class=\"elementor-wrapper elementor-open-inline\">\n\t\t\t<div class=\"elementor-video\"><\/div>\t\t<\/div>\n\t\t\t\t<\/div>\n\t\t\t\t<\/div>\n\t\t\t\t<div class=\"elementor-element elementor-element-29d73c5 elementor-widget elementor-widget-vt-segovia_services\" data-id=\"29d73c5\" data-element_type=\"widget\" data-settings=\"{&quot;service_image&quot;:{&quot;url&quot;:&quot;&quot;,&quot;id&quot;:&quot;&quot;,&quot;size&quot;:&quot;&quot;},&quot;read_icon&quot;:{&quot;url&quot;:&quot;https:\\\/\\\/blog.plagium.com\\\/wp-content\\\/plugins\\\/elementor\\\/assets\\\/images\\\/placeholder.png&quot;,&quot;id&quot;:&quot;&quot;,&quot;size&quot;:&quot;&quot;}}\" data-widget_type=\"vt-segovia_services.default\">\n\t\t\t\t<div class=\"elementor-widget-container\">\n\t\t\t<div class=\"segva-services-wrap\"> \r\n\t\t\t\t\t\t\t    <div class=\"service-item\">\r\n\t\t\t\t\t\t\t      <h3 class=\"service-title\">How to interpret a report in Plagium?<\/h3><span class=\"segva-separator\"><\/span><p>Learn today how to interpret a report in Plagium.<\/p>\r\n\t\t\t\t\t\t\t    <\/div>\r\n\t\t\t\t\t\t\t<\/div>\t\t<\/div>\n\t\t\t\t<\/div>\n\t\t\t\t<div class=\"elementor-element elementor-element-19a12da elementor-widget elementor-widget-video\" data-id=\"19a12da\" data-element_type=\"widget\" data-settings=\"{&quot;youtube_url&quot;:&quot;https:\\\/\\\/youtu.be\\\/NaSPPvq_-dM&quot;,&quot;video_type&quot;:&quot;youtube&quot;,&quot;controls&quot;:&quot;yes&quot;}\" data-widget_type=\"video.default\">\n\t\t\t\t<div class=\"elementor-widget-container\">\n\t\t\t\t\t<div class=\"elementor-wrapper elementor-open-inline\">\n\t\t\t<div class=\"elementor-video\"><\/div>\t\t<\/div>\n\t\t\t\t<\/div>\n\t\t\t\t<\/div>\n\t\t\t\t<div class=\"elementor-element elementor-element-b3bf1be elementor-widget elementor-widget-vt-segovia_services\" data-id=\"b3bf1be\" data-element_type=\"widget\" data-settings=\"{&quot;service_image&quot;:{&quot;url&quot;:&quot;&quot;,&quot;id&quot;:&quot;&quot;,&quot;size&quot;:&quot;&quot;},&quot;read_icon&quot;:{&quot;url&quot;:&quot;https:\\\/\\\/blog.plagium.com\\\/wp-content\\\/plugins\\\/elementor\\\/assets\\\/images\\\/placeholder.png&quot;,&quot;id&quot;:&quot;&quot;,&quot;size&quot;:&quot;&quot;}}\" data-widget_type=\"vt-segovia_services.default\">\n\t\t\t\t<div class=\"elementor-widget-container\">\n\t\t\t<div class=\"segva-services-wrap\"> \r\n\t\t\t\t\t\t\t    <div class=\"service-item\">\r\n\t\t\t\t\t\t\t      <h3 class=\"service-title\">How to share a report with your teacher?<\/h3><span class=\"segva-separator\"><\/span><p>Learn how to share a report with your teacher or someone else today.<\/p>\r\n\t\t\t\t\t\t\t    <\/div>\r\n\t\t\t\t\t\t\t<\/div>\t\t<\/div>\n\t\t\t\t<\/div>\n\t\t\t\t<div class=\"elementor-element elementor-element-9aa7164 elementor-widget elementor-widget-video\" data-id=\"9aa7164\" data-element_type=\"widget\" data-settings=\"{&quot;youtube_url&quot;:&quot;https:\\\/\\\/youtu.be\\\/DOadmiK9jVo&quot;,&quot;video_type&quot;:&quot;youtube&quot;,&quot;controls&quot;:&quot;yes&quot;}\" data-widget_type=\"video.default\">\n\t\t\t\t<div class=\"elementor-widget-container\">\n\t\t\t\t\t<div class=\"elementor-wrapper elementor-open-inline\">\n\t\t\t<div class=\"elementor-video\"><\/div>\t\t<\/div>\n\t\t\t\t<\/div>\n\t\t\t\t<\/div>\n\t\t\t\t\t<\/div>\n\t\t<\/div>\n\t\t\t\t\t\t\t<\/div>\n\t\t<\/section>\n\t\t\t\t\t\t\t<\/div>","protected":false},"excerpt":{"rendered":"Tuto Riais Como fazer uma busca gratuita Plagium? Aprenda como voc\u00ea deve fazer para fazer uma busca gratuita utilizando nossa plataforma, s\u00e3o 3 passos simples e r\u00e1pidos que v\u00e3o te ajudar na busca por similaridade ou busca por pl\u00e1gio para ter um trabalho mais aut\u00eantico. Como usar o complemento Plagium para Google Docs? Aprenda hoje&#8230;","protected":false},"author":1,"featured_media":0,"parent":0,"menu_order":0,"comment_status":"closed","ping_status":"closed","template":"","meta":{"footnotes":""},"yoast_head":"<!-- This site is optimized with the Yoast SEO Premium plugin v20.13 (Yoast SEO v20.9) - https:\/\/yoast.com\/wordpress\/plugins\/seo\/ -->\n<title>Tutoriais - Plagium - Seja aut\u00eantico em seus conte\u00fados<\/title>\n<meta name=\"robots\" content=\"index, follow, max-snippet:-1, max-image-preview:large, max-video-preview:-1\" \/>\n<link rel=\"canonical\" href=\"https:\/\/blog.plagium.com\/en\/tutoriais\/\" \/>\n<meta property=\"og:locale\" content=\"en_US\" \/>\n<meta property=\"og:type\" content=\"article\" \/>\n<meta property=\"og:title\" content=\"Tutoriais\" \/>\n<meta property=\"og:description\" content=\"Tuto Riais Como fazer uma busca gratuita Plagium? Aprenda como voc\u00ea deve fazer para fazer uma busca gratuita utilizando nossa plataforma, s\u00e3o 3 passos simples e r\u00e1pidos que v\u00e3o te ajudar na busca por similaridade ou busca por pl\u00e1gio para ter um trabalho mais aut\u00eantico. Como usar o complemento Plagium para Google Docs? Aprenda hoje...\" \/>\n<meta property=\"og:url\" content=\"https:\/\/blog.plagium.com\/en\/tutoriais\/\" \/>\n<meta property=\"og:site_name\" content=\"Plagium - Seja aut\u00eantico em seus conte\u00fados\" \/>\n<meta property=\"article:modified_time\" content=\"2022-08-12T22:56:03+00:00\" \/>\n<meta name=\"twitter:card\" content=\"summary_large_image\" \/>\n<meta name=\"twitter:label1\" content=\"Est. reading time\" \/>\n\t<meta name=\"twitter:data1\" content=\"1 minute\" \/>\n<script type=\"application\/ld+json\" class=\"yoast-schema-graph\">{\"@context\":\"https:\/\/schema.org\",\"@graph\":[{\"@type\":\"WebPage\",\"@id\":\"https:\/\/blog.plagium.com\/en\/tutoriais\/\",\"url\":\"https:\/\/blog.plagium.com\/en\/tutoriais\/\",\"name\":\"Tutoriais - Plagium - Seja aut\u00eantico em seus conte\u00fados\",\"isPartOf\":{\"@id\":\"https:\/\/blog.plagium.com\/en\/#website\"},\"datePublished\":\"2019-04-10T11:12:30+00:00\",\"dateModified\":\"2022-08-12T22:56:03+00:00\",\"breadcrumb\":{\"@id\":\"https:\/\/blog.plagium.com\/en\/tutoriais\/#breadcrumb\"},\"inLanguage\":\"en-US\",\"potentialAction\":[{\"@type\":\"ReadAction\",\"target\":[\"https:\/\/blog.plagium.com\/en\/tutoriais\/\"]}]},{\"@type\":\"BreadcrumbList\",\"@id\":\"https:\/\/blog.plagium.com\/en\/tutoriais\/#breadcrumb\",\"itemListElement\":[{\"@type\":\"ListItem\",\"position\":1,\"name\":\"In\u00edcio\",\"item\":\"https:\/\/blog.plagium.com\/en\/\"},{\"@type\":\"ListItem\",\"position\":2,\"name\":\"Tutoriais\"}]},{\"@type\":\"WebSite\",\"@id\":\"https:\/\/blog.plagium.com\/en\/#website\",\"url\":\"https:\/\/blog.plagium.com\/en\/\",\"name\":\"Plagium - Seja aut\u00eantico em seus conte\u00fados\",\"description\":\"O seu buscador de pl\u00e1gio online\",\"potentialAction\":[{\"@type\":\"SearchAction\",\"target\":{\"@type\":\"EntryPoint\",\"urlTemplate\":\"https:\/\/blog.plagium.com\/en\/?s={search_term_string}\"},\"query-input\":\"required name=search_term_string\"}],\"inLanguage\":\"en-US\"}]}<\/script>\n<!-- \/ Yoast SEO Premium plugin. -->","yoast_head_json":{"title":"Tutoriais - Plagium - Seja aut\u00eantico em seus conte\u00fados","robots":{"index":"index","follow":"follow","max-snippet":"max-snippet:-1","max-image-preview":"max-image-preview:large","max-video-preview":"max-video-preview:-1"},"canonical":"https:\/\/blog.plagium.com\/en\/tutoriais\/","og_locale":"en_US","og_type":"article","og_title":"Tutoriais","og_description":"Tuto Riais Como fazer uma busca gratuita Plagium? Aprenda como voc\u00ea deve fazer para fazer uma busca gratuita utilizando nossa plataforma, s\u00e3o 3 passos simples e r\u00e1pidos que v\u00e3o te ajudar na busca por similaridade ou busca por pl\u00e1gio para ter um trabalho mais aut\u00eantico. Como usar o complemento Plagium para Google Docs? Aprenda hoje...","og_url":"https:\/\/blog.plagium.com\/en\/tutoriais\/","og_site_name":"Plagium - Seja aut\u00eantico em seus conte\u00fados","article_modified_time":"2022-08-12T22:56:03+00:00","twitter_card":"summary_large_image","twitter_misc":{"Est. reading time":"1 minute"},"schema":{"@context":"https:\/\/schema.org","@graph":[{"@type":"WebPage","@id":"https:\/\/blog.plagium.com\/en\/tutoriais\/","url":"https:\/\/blog.plagium.com\/en\/tutoriais\/","name":"Tutoriais - Plagium - Seja aut\u00eantico em seus conte\u00fados","isPartOf":{"@id":"https:\/\/blog.plagium.com\/en\/#website"},"datePublished":"2019-04-10T11:12:30+00:00","dateModified":"2022-08-12T22:56:03+00:00","breadcrumb":{"@id":"https:\/\/blog.plagium.com\/en\/tutoriais\/#breadcrumb"},"inLanguage":"en-US","potentialAction":[{"@type":"ReadAction","target":["https:\/\/blog.plagium.com\/en\/tutoriais\/"]}]},{"@type":"BreadcrumbList","@id":"https:\/\/blog.plagium.com\/en\/tutoriais\/#breadcrumb","itemListElement":[{"@type":"ListItem","position":1,"name":"In\u00edcio","item":"https:\/\/blog.plagium.com\/en\/"},{"@type":"ListItem","position":2,"name":"Tutoriais"}]},{"@type":"WebSite","@id":"https:\/\/blog.plagium.com\/en\/#website","url":"https:\/\/blog.plagium.com\/en\/","name":"Plagium - Seja aut\u00eantico em seus conte\u00fados","description":"O seu buscador de pl\u00e1gio online","potentialAction":[{"@type":"SearchAction","target":{"@type":"EntryPoint","urlTemplate":"https:\/\/blog.plagium.com\/en\/?s={search_term_string}"},"query-input":"required name=search_term_string"}],"inLanguage":"en-US"}]}},"_links":{"self":[{"href":"https:\/\/blog.plagium.com\/en\/wp-json\/wp\/v2\/pages\/320"}],"collection":[{"href":"https:\/\/blog.plagium.com\/en\/wp-json\/wp\/v2\/pages"}],"about":[{"href":"https:\/\/blog.plagium.com\/en\/wp-json\/wp\/v2\/types\/page"}],"author":[{"embeddable":true,"href":"https:\/\/blog.plagium.com\/en\/wp-json\/wp\/v2\/users\/1"}],"replies":[{"embeddable":true,"href":"https:\/\/blog.plagium.com\/en\/wp-json\/wp\/v2\/comments?post=320"}],"version-history":[{"count":5,"href":"https:\/\/blog.plagium.com\/en\/wp-json\/wp\/v2\/pages\/320\/revisions"}],"predecessor-version":[{"id":3047,"href":"https:\/\/blog.plagium.com\/en\/wp-json\/wp\/v2\/pages\/320\/revisions\/3047"}],"wp:attachment":[{"href":"https:\/\/blog.plagium.com\/en\/wp-json\/wp\/v2\/media?parent=320"}],"curies":[{"name":"wp","href":"https:\/\/api.w.org\/{rel}","templated":true}]}}